{"id":9195,"date":"2023-08-06T14:30:16","date_gmt":"2023-08-06T14:30:16","guid":{"rendered":"https:\/\/smartecing.com\/productos\/?post_type=product&#038;p=9195"},"modified":"2023-08-06T14:30:39","modified_gmt":"2023-08-06T14:30:39","slug":"camara-hogar-bala-1mp-wifi-audio-bidirecciobal","status":"publish","type":"product","link":"https:\/\/smartecing.com\/productos\/index.php\/camara-hogar-bala-1mp-wifi-audio-bidirecciobal\/","title":{"rendered":"CAMARA HOGAR BALA 1MP WIFI AUDIO BIDIRECCIOBAL"},"content":{"rendered":"<p>No todas las c\u00e1maras de seguridad exteriores admiten audio bidireccional. El C3W (ezGuard) viene con un micr\u00f3fono incorporado y un parlante de calidad HiFi para mejorar la conversaci\u00f3n bidireccional. La integraci\u00f3n de iluminaci\u00f3n infrarroja eficiente, un panel antirreflectante y el filtro infrarrojo ICR permite una excelente visi\u00f3n nocturna de hasta 30 metros. Con sus poderosas antenas, el C3W (ezGuard) ofrece una transmisi\u00f3n de largo alcance con una gran capacidad de penetraci\u00f3n y antiinterferencia. Alarma inteligente: Detecci\u00f3n de movimiento inteligente. Configuraci\u00f3n de una sola tecla: Configuraci\u00f3n inteligente (configuraci\u00f3n Wi-Fi One Push). Protocolo: Protocolo propietario de la nube EZVIZ. Protocolo de interfaz: Protocolo propietario de la nube EZVIZ. Funci\u00f3n general: Filtro de parpadeo, doble flujo, latido del coraz\u00f3n, imagen reflejada, protecci\u00f3n con contrase\u00f1a, marca de agua. Max. Resoluci\u00f3n: 1920 \u00d7 1080, soporte de doble flujo. Cuadros por segundo: 50Hz a 25 fps, 60Hz a 30 fps; velocidad de fotogramas adaptativa de transmisi\u00f3n de red. Configuraci\u00f3n de imagen: Brillo, contraste, saturaci\u00f3n, etc. (Configurar a trav\u00e9s de EZVIZ Studio). BLC: Apoyo. Con m\u00faltiples opciones de almacenamiento, puede elegir d\u00f3nde guardar sus grabaciones. Las c\u00e1maras incluso pueden guardar en las tres ubicaciones al mismo tiempo para una copia de seguridad adicional en caso de que una c\u00e1mara se da\u00f1e o su red falle. C\u00e1mara Wifi Husky Air EZVIZ Sensor de imagen: 1 \/ 2.7 \u201cScaneo progresivo CMOS. Iluminaci\u00f3n m\u00ednima: 0.02 lux @ (F2.0, AGC ON), 0 Lux con IR. Velocidad de obturaci\u00f3n: Obturador autoadaptable. Lente: 2.8MM@F2.2. \u00c1ngulo horizontal: 103\u00b0. \u00c1ngulo diagonal: 118\u00b0. Montura del lente: M12. D\u00eda y noche: Filtro de corte IR. DNR: 3D DNR. WDR: Digital WDR. Compresi\u00f3n. Compresi\u00f3n de video: H.264. Tipo H.264: Perfil principal. Bitrate de v\u00eddeo: HD; equilibrar; y fluidez Velocidad de bits adaptativa. Red. Interfaz. Almacenamiento: Soporte de tarjeta Micro SD (M\u00e1x. 128 GB). Red cableada: 1 Puerto Ethernet RJ45, velocidad de adaptaci\u00f3n de 10 \/ 100Mbps. Wifi. Est\u00e1ndar: IEEE802.11 b\/g\/n. Rango de frecuencia: 2.4GHz ~ 2.4835 GHz. Canal de Banda ancha: Soporta 20MHz. Seguridad: 64\/128-bit WEP, WPA\/WPA2, WPA-PSK\/WPA2-PSK, WPS. Velocidad de transmisi\u00f3n: General Condiciones de operaci\u00f3n: -22 \u00b0 F ~ 140 \u00b0 F (-30 \u00b0 C ~ 60 \u00b0 C), humedad 95% o menos (sin condensaci\u00f3n). Fuente de alimentaci\u00f3n: DC 12V\u00b110%. El consumo de energ\u00eda: Max. 6W. Grado de IP: IP66. Rango IR: Max. 100f. Dimensiones aproximadas: 2.82*3.78*5.92\u201d. Peso: 0.72lb.Visi\u00f3n nocturna por infrarrojos con alcance de 30 m<\/p>\n","protected":false},"excerpt":{"rendered":"<p>CAMARA HOGAR BALA 1MP WIFI AUDIO BIDIRECCIOBAL 130G DWDR IR30m IP66 mSD EZVIZ CON SIRENA DE ALARMA &#8211; CS-CV310-A0-3B1WFR(2.8mm). C\u00e1mara Wifi Husky Air 720P C3W. C\u00e1mara de Wi-Fi para exteriores Full HD montada en la pared, utiliza una luz estrobosc\u00f3pica incorporada y alarma para disuasi\u00f3n, a la vez que ofrece conversaci\u00f3n bidireccional y durabilidad en cualquier tipo de clima.\u00a0El C3W (ezGuard) est\u00e1 a cargo de notificarle cuando tenga visitantes. Si los conoce, hable con ellos, de lo contrario, use la sirena para asustarlos. Tras la detecci\u00f3n, el C3W (ezGuard) activa una sirena fuerte y luz estrobosc\u00f3pica para ahuyentar a los intrusos. La sirena puede alcanzar hasta 100 dB lo suficientemente fuerte como para disuadir.<\/p>\n<p>CAMARA WIFI INTELIGENTE EXTERIOR 1 MP IR 30m AUDIO BIDIRECCIONAL  ALERTA DE SIRENA Y LUCES ESTROBOSCOPICAS ALMACENAMIENTO MICRO SD 256GB\/ IP66<\/p>\n<p>CS-CV310-A0-3B1WFR(2.8mm)<\/p>\n","protected":false},"featured_media":9224,"comment_status":"closed","ping_status":"closed","template":"","meta":[],"product_cat":[93,94,95,96,99],"product_tag":[97,101,98],"_links":{"self":[{"href":"https:\/\/smartecing.com\/productos\/index.php\/wp-json\/wp\/v2\/product\/9195"}],"collection":[{"href":"https:\/\/smartecing.com\/productos\/index.php\/wp-json\/wp\/v2\/product"}],"about":[{"href":"https:\/\/smartecing.com\/productos\/index.php\/wp-json\/wp\/v2\/types\/product"}],"replies":[{"embeddable":true,"href":"https:\/\/smartecing.com\/productos\/index.php\/wp-json\/wp\/v2\/comments?post=9195"}],"wp:featuredmedia":[{"embeddable":true,"href":"https:\/\/smartecing.com\/productos\/index.php\/wp-json\/wp\/v2\/media\/9224"}],"wp:attachment":[{"href":"https:\/\/smartecing.com\/productos\/index.php\/wp-json\/wp\/v2\/media?parent=9195"}],"wp:term":[{"taxonomy":"product_cat","embeddable":true,"href":"https:\/\/smartecing.com\/productos\/index.php\/wp-json\/wp\/v2\/product_cat?post=9195"},{"taxonomy":"product_tag","embeddable":true,"href":"https:\/\/smartecing.com\/productos\/index.php\/wp-json\/wp\/v2\/product_tag?post=9195"}],"curies":[{"name":"wp","href":"https:\/\/api.w.org\/{rel}","templated":true}]}}