{"id":9208,"date":"2023-08-06T14:30:18","date_gmt":"2023-08-06T14:30:18","guid":{"rendered":"https:\/\/smartecing.com\/productos\/?post_type=product&#038;p=9208"},"modified":"2023-08-06T14:30:54","modified_gmt":"2023-08-06T14:30:54","slug":"joystick-ptz-con-pantalla-tactil","status":"publish","type":"product","link":"https:\/\/smartecing.com\/productos\/index.php\/joystick-ptz-con-pantalla-tactil\/","title":{"rendered":"JOYSTICK PTZ CON PANTALLA TACTIL"},"content":{"rendered":"<p>Interfaz<\/p>\n<p>Interfaz De Red<\/p>\n<p>Puerto ethernet adaptativo 10M \/ 100M \/ 1000M;<\/p>\n<p>WiFi: compatible<\/p>\n<p>Interfaz USB<\/p>\n<p>2 \u00d7 USB 2.0<\/p>\n<p>Interfaz De Audio<\/p>\n<p>Entrada de audio: conector de 3,5 mm de 1 canal (2,0 Vp-p,&gt; 1 K\u03a9)<\/p>\n<p>Salida de audio: 1 canal, conector de 3,5 mm (2,0 Vp-p, 600 \u03a9)<\/p>\n<p>Interfaz De Video<\/p>\n<p>HDMI, DVI<\/p>\n<p>Interfaz De Serie<\/p>\n<p>Red, RS-232, RS-422, RS-485<\/p>\n<p>Alimentaci\u00f3n<\/p>\n<p>Consumo De Energ\u00eda<\/p>\n<p>\u226415W<\/p>\n<p>Ambiente<\/p>\n<p>Temperatura De Trabajo<\/p>\n<p>-10 a + 55 \u00b0 C (14 a 131 \u00b0 F)<\/p>\n<p>Condiciones De Humedad<\/p>\n<p>10% a 90%<\/p>\n<p>General<\/p>\n<p>Dimensiones (An X Al X Pr)<\/p>\n<p>404 mm \u00d7 163 mm \u00d7 180 mm (15.91 \u00ab\u00d7 6.42\u00bb \u00d7 7.09 \u00ab)<\/p>\n<p>Peso<\/p>\n<p>1,7 kg (3,75 libras)<\/p>\n<p>Fuente De Alimentaci\u00f3n<\/p>\n<p>12 VCC \/ PoE<\/p>\n<p>Pantalla<\/p>\n<p>Pantalla t\u00e1ctil TFT LCD de 10.1 \u00ab, resoluci\u00f3n: 1024 \u00d7 600<\/p>\n<p>Joystick<\/p>\n<p>Joystick de 4 ejes<\/p>\n","protected":false},"excerpt":{"rendered":"<p>JOYSTICK PTZ TV WALL CON PANTALLA TACTIL. Joystick con Pantalla t\u00e1ctil de alto rendimiento con potentes funciones de control. Sistema Android incorporado. La pantalla t\u00e1ctil f\u00e1cil de usar facilita la operaci\u00f3n. Configuraci\u00f3n flexible a trav\u00e9s de la red. Admite varias c\u00e1maras, NVR y DVR.<\/p>\n","protected":false},"featured_media":9256,"comment_status":"closed","ping_status":"closed","template":"","meta":[],"product_cat":[109,110,96,111],"product_tag":[112,113],"_links":{"self":[{"href":"https:\/\/smartecing.com\/productos\/index.php\/wp-json\/wp\/v2\/product\/9208"}],"collection":[{"href":"https:\/\/smartecing.com\/productos\/index.php\/wp-json\/wp\/v2\/product"}],"about":[{"href":"https:\/\/smartecing.com\/productos\/index.php\/wp-json\/wp\/v2\/types\/product"}],"replies":[{"embeddable":true,"href":"https:\/\/smartecing.com\/productos\/index.php\/wp-json\/wp\/v2\/comments?post=9208"}],"wp:featuredmedia":[{"embeddable":true,"href":"https:\/\/smartecing.com\/productos\/index.php\/wp-json\/wp\/v2\/media\/9256"}],"wp:attachment":[{"href":"https:\/\/smartecing.com\/productos\/index.php\/wp-json\/wp\/v2\/media?parent=9208"}],"wp:term":[{"taxonomy":"product_cat","embeddable":true,"href":"https:\/\/smartecing.com\/productos\/index.php\/wp-json\/wp\/v2\/product_cat?post=9208"},{"taxonomy":"product_tag","embeddable":true,"href":"https:\/\/smartecing.com\/productos\/index.php\/wp-json\/wp\/v2\/product_tag?post=9208"}],"curies":[{"name":"wp","href":"https:\/\/api.w.org\/{rel}","templated":true}]}}