{"id":9209,"date":"2023-08-06T14:30:18","date_gmt":"2023-08-06T14:30:18","guid":{"rendered":"https:\/\/smartecing.com\/productos\/?post_type=product&#038;p=9209"},"modified":"2023-08-06T14:30:57","modified_gmt":"2023-08-06T14:30:57","slug":"camara-ptz-hd-2mp-1080p-hikvision-ir100m-15x","status":"publish","type":"product","link":"https:\/\/smartecing.com\/productos\/index.php\/camara-ptz-hd-2mp-1080p-hikvision-ir100m-15x\/","title":{"rendered":"CAMARA PTZ HD 2MP 1080P HIKVISION IR100m 15X"},"content":{"rendered":"<p>Especificaci\u00f3n<\/p>\n<p>Lente<\/p>\n<p>Imagen<\/p>\n<p>M\u00f3dulo De C\u00e1mara<\/p>\n<p>PTZ<\/p>\n<p>Lente<\/p>\n<p>FOV<\/p>\n<p>10 mm a 1500 mm (ancho a teleobjetivo)<\/p>\n<p>Velocidad Del Zoom<\/p>\n<p>Aprox. 2,4 s (\u00f3ptico, gran angular a teleobjetivo)<\/p>\n<p>Distancia De Trabajo<\/p>\n<p>360 \u00b0 sin fin<\/p>\n<p>Rango De Apertura<\/p>\n<p>F 1.6 hasta F 3.5<\/p>\n<p>Campo De Visi\u00f3n Horizontal<\/p>\n<p>53,8 \u00b0 a 4,0 \u00b0 (gran angular)<\/p>\n<p>Longitud Focal<\/p>\n<p>5 mm a 75 mm, 15 \u00d7 \u00f3ptico<\/p>\n<p>Imagen<\/p>\n<p>Max. Resoluci\u00f3n<\/p>\n<p>1920 \u00d7 1080<\/p>\n<p>M\u00f3dulo De C\u00e1mara<\/p>\n<p>Cuadros Por Segundo<\/p>\n<p>50Hz: 25fps @ (1920 \u00d7 1080), 60Hz: 30fps @ (1920 \u00d7 1080)<\/p>\n<p>AGC<\/p>\n<p>MANUAL DE AUTO<\/p>\n<p>DNR<\/p>\n<p>DNR 3D<\/p>\n<p>Enfoque Regional<\/p>\n<p>si<\/p>\n<p>Sensor De Imagen<\/p>\n<p>CMOS de barrido progresivo de 1 \/ 2,8 \u00bb<\/p>\n<p>Modelo<\/p>\n<p>DS-2AE4215TI-D (C)<\/p>\n<p>Iluminaci\u00f3n M\u00ednima<\/p>\n<p>Color: 0.005 Lux @ (F1.6, AGC ON), B \/ N: 0.001 Lux @ (F1.6, AGC ON), 0 lux con IR<\/p>\n<p>Balance De Blancos<\/p>\n<p>AUTO \/ MANUAL \/ HAUTO \/ ATW \/ INTERIOR \/ EXTERIOR<\/p>\n<p>Tiempo De Obturaci\u00f3n<\/p>\n<p>PAL: 1\/1 sa 1 \/ 10,000 s, NTSC: 1\/1 sa 1 \/ 10,000 s<\/p>\n<p>D\u00eda Y Noche<\/p>\n<p>Filtro de corte IR<\/p>\n<p>Zoom Digital<\/p>\n<p>16\u00d7<\/p>\n<p>M\u00e1scara De Privacidad<\/p>\n<p>8 m\u00e1scaras de privacidad programables<\/p>\n<p>Modo De Enfoque<\/p>\n<p>Autom\u00e1tico \/ Semiauto \/ Manual<\/p>\n<p>WDR<\/p>\n<p>\u2265 120 dB<\/p>\n<p>BLC<\/p>\n<p>si<\/p>\n<p>HLC<\/p>\n<p>si<\/p>\n<p>HIELO<\/p>\n<p>si<\/p>\n<p>PTZ<\/p>\n<p>Rango De Movimiento (Pan)<\/p>\n<p>-15 \u00b0 a 90 \u00b0 (giro autom\u00e1tico)<\/p>\n<p>Velocidad De Movimiento Horizontal (Pan)<\/p>\n<p>Velocidad manual de panor\u00e1mica: 0,1 \u00b0 a 80 \u00b0 \/ s, velocidad predeterminada de panor\u00e1mica: 80 \u00b0 \/ s<\/p>\n<p>Rango De Movimiento (Tilt)<\/p>\n<p>10 patrullas, hasta 32 presets por patrulla<\/p>\n<p>Velocidad De Vertical (Tilt)<\/p>\n<p>Velocidad manual de inclinaci\u00f3n: 0,1 \u00b0 a 80 \u00b0 \/ s, velocidad preestablecida de inclinaci\u00f3n: 80 \u00b0 \/ s<\/p>\n<p>Zoom Proporcional<\/p>\n<p>La velocidad de rotaci\u00f3n se puede ajustar autom\u00e1ticamente seg\u00fan los m\u00faltiplos de zoom<\/p>\n<p>Preajustes<\/p>\n<p>256<\/p>\n<p>Escaneo De Patrulla<\/p>\n<p>5 patrones, con un tiempo total de grabaci\u00f3n no inferior a 10 minutos<\/p>\n<p>Memoria De Apagado<\/p>\n<p>si<\/p>\n","protected":false},"excerpt":{"rendered":"<p>CAMARA PTZ TURBO HD 15X 2MP 100m IR 1080P DWDR Color: 0.005lux\/F1.6, B\/W:0.001lux\/F1.6 HIKVISION. 4 pulgadas 2 MP 15X con tecnolog\u00eda de domo de velocidad anal\u00f3gica IR DarkFighter<\/p>\n<p>Im\u00e1genes de alta calidad con resoluci\u00f3n de 2 MP. Excelente rendimiento con poca luz a trav\u00e9s de la tecnolog\u00eda con tecnolog\u00eda DarkFighter. La capacidad de giro e inclinaci\u00f3n permite que la c\u00e1mara controle las zonas de inter\u00e9s. El rango de infrarrojos de hasta 100 m garantiza la seguridad durante la noche. Resistente al agua y al polvo (IP66)<\/p>\n","protected":false},"featured_media":9257,"comment_status":"closed","ping_status":"closed","template":"","meta":[],"product_cat":[93,96],"product_tag":[],"_links":{"self":[{"href":"https:\/\/smartecing.com\/productos\/index.php\/wp-json\/wp\/v2\/product\/9209"}],"collection":[{"href":"https:\/\/smartecing.com\/productos\/index.php\/wp-json\/wp\/v2\/product"}],"about":[{"href":"https:\/\/smartecing.com\/productos\/index.php\/wp-json\/wp\/v2\/types\/product"}],"replies":[{"embeddable":true,"href":"https:\/\/smartecing.com\/productos\/index.php\/wp-json\/wp\/v2\/comments?post=9209"}],"wp:featuredmedia":[{"embeddable":true,"href":"https:\/\/smartecing.com\/productos\/index.php\/wp-json\/wp\/v2\/media\/9257"}],"wp:attachment":[{"href":"https:\/\/smartecing.com\/productos\/index.php\/wp-json\/wp\/v2\/media?parent=9209"}],"wp:term":[{"taxonomy":"product_cat","embeddable":true,"href":"https:\/\/smartecing.com\/productos\/index.php\/wp-json\/wp\/v2\/product_cat?post=9209"},{"taxonomy":"product_tag","embeddable":true,"href":"https:\/\/smartecing.com\/productos\/index.php\/wp-json\/wp\/v2\/product_tag?post=9209"}],"curies":[{"name":"wp","href":"https:\/\/api.w.org\/{rel}","templated":true}]}}