{"id":9229,"date":"2023-08-06T14:30:40","date_gmt":"2023-08-06T14:30:40","guid":{"rendered":"https:\/\/smartecing.com\/productos\/?post_type=product&#038;p=9229"},"modified":"2023-08-06T14:30:58","modified_gmt":"2023-08-06T14:30:58","slug":"camara-ptz-1080p-25xzoom-dwdr","status":"publish","type":"product","link":"https:\/\/smartecing.com\/productos\/index.php\/camara-ptz-1080p-25xzoom-dwdr\/","title":{"rendered":"CAMARA PTZ 1080P 25XZOOM DWDR"},"content":{"rendered":"<p>ESPECIFICACIONES<\/p>\n<p>Lente<\/p>\n<p>Imagen<\/p>\n<p>M\u00f3dulo De C\u00e1mara<\/p>\n<p>PTZ<\/p>\n<p>Lente<\/p>\n<p>Velocidad Del Zoom<\/p>\n<p>Aprox. 3,2 s (\u00f3ptico, gran angular a teleobjetivo)<\/p>\n<p>Distancia De Trabajo<\/p>\n<p>10 mm a 1500 mm (ancho a teleobjetivo)<\/p>\n<p>Rango De Apertura<\/p>\n<p>F 1.6 hasta F 3.5<\/p>\n<p>Campo De Visi\u00f3n Horizontal<\/p>\n<p>57.6 \u00b0 a 2.5 \u00b0 (gran angular)<\/p>\n<p>Longitud Focal<\/p>\n<p>4,8 mm a 120 mm, 25 \u00d7 \u00f3ptico<\/p>\n<p>Imagen<\/p>\n<p>Max. Resoluci\u00f3n<\/p>\n<p>1920 \u00d7 1080<\/p>\n<p>M\u00f3dulo De C\u00e1mara<\/p>\n<p>Cuadros Por Segundo<\/p>\n<p>50Hz: 25fps @ (1920 \u00d7 1080), 60Hz: 30fps @ (1920 \u00d7 1080)<\/p>\n<p>AGC<\/p>\n<p>MANUAL DE AUTO<\/p>\n<p>DNR<\/p>\n<p>DNR 3D<\/p>\n<p>Enfoque Regional<\/p>\n<p>s\u00ed<\/p>\n<p>Sensor De Imagen<\/p>\n<p>CMOS de barrido progresivo de 1 \/ 2,8 \u00bb<\/p>\n<p>Modelo<\/p>\n<p>DS-2AE4225TI-D (C)<\/p>\n<p>Iluminaci\u00f3n M\u00ednima<\/p>\n<p>Color: 0.005 Lux @ (F1.6, AGC ON), B \/ N: 0.001 Lux @ (F1.6, AGC ON), 0 lux con IR<\/p>\n<p>Balance De Blancos<\/p>\n<p>AUTO \/ MANUAL \/ HAUTO \/ ATW \/ INTERIOR \/ EXTERIOR<\/p>\n<p>Tiempo De Obturaci\u00f3n<\/p>\n<p>PAL: 1\/1 sa 1 \/ 10,000 s, NTSC: 1\/1 sa 1 \/ 10,000 s<\/p>\n<p>D\u00eda Y Noche<\/p>\n<p>Filtro de corte IR<\/p>\n<p>Zoom Digital<\/p>\n<p>16\u00d7<\/p>\n<p>M\u00e1scara De Privacidad<\/p>\n<p>8 m\u00e1scaras de privacidad programables<\/p>\n<p>Modo De Enfoque<\/p>\n<p>Auto \/ Semiauto \/ Manual<\/p>\n<p>WDR<\/p>\n<p>\u2265 120 dB<\/p>\n<p>BLC<\/p>\n<p>s\u00ed<\/p>\n<p>HLC<\/p>\n<p>s\u00ed<\/p>\n<p>HIELO<\/p>\n<p>s\u00ed<\/p>\n<p>PTZ<\/p>\n<p>Rango De Movimiento (Pan)<\/p>\n<p>360 \u00b0 sin fin<\/p>\n<p>Velocidad De Movimiento Horizontal (Pan)<\/p>\n<p>Velocidad manual de panor\u00e1mica: 0,1 \u00b0 a 80 \u00b0 \/ s, velocidad predeterminada de panor\u00e1mica: 80 \u00b0 \/ s<\/p>\n<p>Rango De Movimiento (Tilt)<\/p>\n<p>-15 \u00b0 a 90 \u00b0 (giro autom\u00e1tico)<\/p>\n<p>Velocidad De Vertical (Tilt)<\/p>\n<p>Velocidad manual de inclinaci\u00f3n: 0,1 \u00b0 a 80 \u00b0 \/ s, velocidad preestablecida de inclinaci\u00f3n: 80 \u00b0 \/ s<\/p>\n<p>Zoom Proporcional<\/p>\n<p>La velocidad de rotaci\u00f3n se puede ajustar autom\u00e1ticamente seg\u00fan los m\u00faltiplos de zoom<\/p>\n<p>Preajustes<\/p>\n<p>256<\/p>\n<p>Escaneo De Patrulla<\/p>\n<p>10 patrullas, hasta 32 preajustes por patrulla<\/p>\n<p>Patr\u00f3n De Escaneo<\/p>\n<p>5 patrones, con un tiempo total de grabaci\u00f3n no inferior a 10 minutos<\/p>\n","protected":false},"excerpt":{"rendered":"<p>CAMARA TURBO 1080P PTZ 25XZOOM 0.005LUX DWDR IR200m IP66 HIKVISION &#8211; DS-2AE4225TI-D. 4 pulgadas 2 MP 25X con tecnolog\u00eda de domo de velocidad anal\u00f3gica IR DarkFighter Im\u00e1genes de alta calidad con resoluci\u00f3n de 2 MP. Excelente rendimiento con poca luz a trav\u00e9s de la tecnolog\u00eda con tecnolog\u00eda DarkFighter. Im\u00e1genes n\u00edtidas contra una fuerte iluminaci\u00f3n de fondo gracias a la tecnolog\u00eda WDR de 120 dB. La capacidad de giro e inclinaci\u00f3n permite que la c\u00e1mara controle las zonas de inter\u00e9s. El zoom \u00f3ptico de 25 \u00d7 permite una visualizaci\u00f3n m\u00e1s cercana de sujetos en \u00e1reas extensas. El rango de infrarrojos de hasta 100 m garantiza la seguridad durante la noche. Resistente al agua y al polvo (IP66)<\/p>\n","protected":false},"featured_media":9258,"comment_status":"closed","ping_status":"closed","template":"","meta":[],"product_cat":[93,96],"product_tag":[124,125,126,127],"_links":{"self":[{"href":"https:\/\/smartecing.com\/productos\/index.php\/wp-json\/wp\/v2\/product\/9229"}],"collection":[{"href":"https:\/\/smartecing.com\/productos\/index.php\/wp-json\/wp\/v2\/product"}],"about":[{"href":"https:\/\/smartecing.com\/productos\/index.php\/wp-json\/wp\/v2\/types\/product"}],"replies":[{"embeddable":true,"href":"https:\/\/smartecing.com\/productos\/index.php\/wp-json\/wp\/v2\/comments?post=9229"}],"wp:featuredmedia":[{"embeddable":true,"href":"https:\/\/smartecing.com\/productos\/index.php\/wp-json\/wp\/v2\/media\/9258"}],"wp:attachment":[{"href":"https:\/\/smartecing.com\/productos\/index.php\/wp-json\/wp\/v2\/media?parent=9229"}],"wp:term":[{"taxonomy":"product_cat","embeddable":true,"href":"https:\/\/smartecing.com\/productos\/index.php\/wp-json\/wp\/v2\/product_cat?post=9229"},{"taxonomy":"product_tag","embeddable":true,"href":"https:\/\/smartecing.com\/productos\/index.php\/wp-json\/wp\/v2\/product_tag?post=9229"}],"curies":[{"name":"wp","href":"https:\/\/api.w.org\/{rel}","templated":true}]}}