{"id":9235,"date":"2023-08-06T14:30:41","date_gmt":"2023-08-06T14:30:41","guid":{"rendered":"https:\/\/smartecing.com\/productos\/?post_type=product&#038;p=9235"},"modified":"2023-08-06T14:31:08","modified_gmt":"2023-08-06T14:31:08","slug":"camara-ip-2mp-bala-h264-dwdr","status":"publish","type":"product","link":"https:\/\/smartecing.com\/productos\/index.php\/camara-ip-2mp-bala-h264-dwdr\/","title":{"rendered":"CAMARA IP 2MP BALA H264+ DWDR"},"content":{"rendered":"<p>&#8216;-Serie EasyIP 4.0 con tecnolog\u00eda Acusense: detecci\u00f3n inteligente de personas y\/o veh\u00edculos.<\/p>\n<p>-Funci\u00f3n d\u00eda\/noche conmutaci\u00f3n mec\u00e1nica.<\/p>\n<p>-Sensor CMOS 1\/2.8&#8243; con escaneo progresivo.<\/p>\n<p>-Sensibilidad: 0,005 lux (F1.2, AGC ON), 0 lux con IR. Incluye LEDS IR alcance 50m.<\/p>\n<p>-Rango din\u00e1mico expandido real 120dB.<\/p>\n<p>-1 salida de video IP Ethernet 10\/100Mbps. Servidor Web integrado. Doble streaming de video<\/p>\n<p>-Codificaci\u00f3n H265+, H265, H264+, H264.<\/p>\n<p>-Detecci\u00f3n SMART : Intrusi\u00f3n, Cruce de l\u00ednea, Entrada\/salida en \u00e1rea predefinida.<\/p>\n<p>-BLC\/3D DNR\/ROI\/HLC.<\/p>\n<p>-Acepta tarjeta SD hasta 128GB.<\/p>\n<p>-1 entrada\/1 salida de alarma.1 entrada\/1 salida de audio.<\/p>\n<p>-Instalaci\u00f3n exterior IP67, antivand\u00e1lico IK10. Ajuste 3 ejes.<\/p>\n","protected":false},"excerpt":{"rendered":"<p>CAMARA IP 2MP BALA H264+ DWDR D\/NF 2.8 o 4 mm IR30m IP67\u00a0 SEMIMETAL HIKVISION.\u00a0C\u00e1mara bullet de tecnolog\u00eda IP y resoluci\u00f3n 2 Megapixeles (1920&#215;1080 25IPS), con tecnolog\u00eda Acusense. \u00d3ptica varifocal motorizada 2.8-12 mm. Compresi\u00f3n H.265+\/H.265\/H.264+\/H.264. LEDS IR 50m.<\/p>\n","protected":false},"featured_media":9283,"comment_status":"open","ping_status":"closed","template":"","meta":[],"product_cat":[93,94,96],"product_tag":[130,100],"_links":{"self":[{"href":"https:\/\/smartecing.com\/productos\/index.php\/wp-json\/wp\/v2\/product\/9235"}],"collection":[{"href":"https:\/\/smartecing.com\/productos\/index.php\/wp-json\/wp\/v2\/product"}],"about":[{"href":"https:\/\/smartecing.com\/productos\/index.php\/wp-json\/wp\/v2\/types\/product"}],"replies":[{"embeddable":true,"href":"https:\/\/smartecing.com\/productos\/index.php\/wp-json\/wp\/v2\/comments?post=9235"}],"wp:featuredmedia":[{"embeddable":true,"href":"https:\/\/smartecing.com\/productos\/index.php\/wp-json\/wp\/v2\/media\/9283"}],"wp:attachment":[{"href":"https:\/\/smartecing.com\/productos\/index.php\/wp-json\/wp\/v2\/media?parent=9235"}],"wp:term":[{"taxonomy":"product_cat","embeddable":true,"href":"https:\/\/smartecing.com\/productos\/index.php\/wp-json\/wp\/v2\/product_cat?post=9235"},{"taxonomy":"product_tag","embeddable":true,"href":"https:\/\/smartecing.com\/productos\/index.php\/wp-json\/wp\/v2\/product_tag?post=9235"}],"curies":[{"name":"wp","href":"https:\/\/api.w.org\/{rel}","templated":true}]}}