{"id":9561,"date":"2023-08-06T14:33:46","date_gmt":"2023-08-06T14:33:46","guid":{"rendered":"https:\/\/smartecing.com\/productos\/?post_type=product&#038;p=9561"},"modified":"2023-08-06T14:34:27","modified_gmt":"2023-08-06T14:34:27","slug":"terminal-de-control-de-acceso-wifi","status":"publish","type":"product","link":"https:\/\/smartecing.com\/productos\/index.php\/terminal-de-control-de-acceso-wifi\/","title":{"rendered":"Terminal de Control de Acceso Wifi"},"content":{"rendered":"<p>DS-K1T501SF\/WIFI<\/p>\n","protected":false},"excerpt":{"rendered":"<p>TERMINAL C\/ACCESO BIO\/CARD MI. Terminal de control de acceso DS-K1T501SF\/WIFI Hikvision. Equipado con una c\u00e1mara HD (2 MP \/ 1080p) y un m\u00f3dulo de reconocimiento de huellas digitales (que admite el modo 1: 1 y el modo 1: N). Admite m\u00faltiples tecnolog\u00edas avanzadas, incluido el reconocimiento de huellas dactilares.<\/p>\n","protected":false},"featured_media":9615,"comment_status":"closed","ping_status":"closed","template":"","meta":[],"product_cat":[201,96],"product_tag":[207,204],"_links":{"self":[{"href":"https:\/\/smartecing.com\/productos\/index.php\/wp-json\/wp\/v2\/product\/9561"}],"collection":[{"href":"https:\/\/smartecing.com\/productos\/index.php\/wp-json\/wp\/v2\/product"}],"about":[{"href":"https:\/\/smartecing.com\/productos\/index.php\/wp-json\/wp\/v2\/types\/product"}],"replies":[{"embeddable":true,"href":"https:\/\/smartecing.com\/productos\/index.php\/wp-json\/wp\/v2\/comments?post=9561"}],"wp:featuredmedia":[{"embeddable":true,"href":"https:\/\/smartecing.com\/productos\/index.php\/wp-json\/wp\/v2\/media\/9615"}],"wp:attachment":[{"href":"https:\/\/smartecing.com\/productos\/index.php\/wp-json\/wp\/v2\/media?parent=9561"}],"wp:term":[{"taxonomy":"product_cat","embeddable":true,"href":"https:\/\/smartecing.com\/productos\/index.php\/wp-json\/wp\/v2\/product_cat?post=9561"},{"taxonomy":"product_tag","embeddable":true,"href":"https:\/\/smartecing.com\/productos\/index.php\/wp-json\/wp\/v2\/product_tag?post=9561"}],"curies":[{"name":"wp","href":"https:\/\/api.w.org\/{rel}","templated":true}]}}