{"id":9564,"date":"2023-08-06T14:33:47","date_gmt":"2023-08-06T14:33:47","guid":{"rendered":"https:\/\/smartecing.com\/productos\/?post_type=product&#038;p=9564"},"modified":"2023-08-06T14:34:30","modified_gmt":"2023-08-06T14:34:30","slug":"control-de-acceso-hikvision-con-huella","status":"publish","type":"product","link":"https:\/\/smartecing.com\/productos\/index.php\/control-de-acceso-hikvision-con-huella\/","title":{"rendered":"Control de Acceso Hikvision con Huella"},"content":{"rendered":"","protected":false},"excerpt":{"rendered":"<p>Terminal control acceso ac con pantalla lcd tft 2.8 in tarjeta em \/huella rs-485 wifi 12vdc. Duraci\u00f3n del reconocimiento de huellas digitales: 1: duraci\u00f3n del reconocimiento N (hasta 1000 huellas digitales) &lt;1 s<\/p>\n<p>Sistema operativo: Linux<\/p>\n<p>M\u00f3dulo de huella digital: m\u00f3dulo \u00f3ptico de huella digital<\/p>\n<p>Almacenamiento: 1,000 usuarios, 1,000 tarjetas, 100,000 eventos<\/p>\n<p>FRR (tasa de rechazo falso): = 0.1%<\/p>\n<p>Distancia de lectura de tarjeta: 0 a 5 cm<\/p>\n<p>FAR (tasa de aceptaci\u00f3n falsa): = 0.001%<\/p>\n<p>Tipo de tarjeta: tarjeta M1<\/p>\n<p>Capacidad de huella digital: 1,000<\/p>\n<p>Interfaces de dispositivo<\/p>\n<p>Modo de comunicaci\u00f3n:<\/p>\n<p>Ethernet 10 \/ 100Mbps autoadaptable; EHome<\/p>\n<p>Interfaz de salida: Timbre \u00d7 1, Rel\u00e9 \u00d7 1<\/p>\n<p>Interfaz de entrada: bot\u00f3n de salida \u00d7 1, contacto de puerta \u00d7 1<\/p>\n<p>Interfaz USB: USB2.0<\/p>\n","protected":false},"featured_media":9618,"comment_status":"open","ping_status":"closed","template":"","meta":[],"product_cat":[201,96],"product_tag":[207],"_links":{"self":[{"href":"https:\/\/smartecing.com\/productos\/index.php\/wp-json\/wp\/v2\/product\/9564"}],"collection":[{"href":"https:\/\/smartecing.com\/productos\/index.php\/wp-json\/wp\/v2\/product"}],"about":[{"href":"https:\/\/smartecing.com\/productos\/index.php\/wp-json\/wp\/v2\/types\/product"}],"replies":[{"embeddable":true,"href":"https:\/\/smartecing.com\/productos\/index.php\/wp-json\/wp\/v2\/comments?post=9564"}],"wp:featuredmedia":[{"embeddable":true,"href":"https:\/\/smartecing.com\/productos\/index.php\/wp-json\/wp\/v2\/media\/9618"}],"wp:attachment":[{"href":"https:\/\/smartecing.com\/productos\/index.php\/wp-json\/wp\/v2\/media?parent=9564"}],"wp:term":[{"taxonomy":"product_cat","embeddable":true,"href":"https:\/\/smartecing.com\/productos\/index.php\/wp-json\/wp\/v2\/product_cat?post=9564"},{"taxonomy":"product_tag","embeddable":true,"href":"https:\/\/smartecing.com\/productos\/index.php\/wp-json\/wp\/v2\/product_tag?post=9564"}],"curies":[{"name":"wp","href":"https:\/\/api.w.org\/{rel}","templated":true}]}}