{"id":9588,"date":"2023-08-06T14:34:08","date_gmt":"2023-08-06T14:34:08","guid":{"rendered":"https:\/\/smartecing.com\/productos\/?post_type=product&#038;p=9588"},"modified":"2023-08-06T14:34:40","modified_gmt":"2023-08-06T14:34:40","slug":"panel-control-de-acceso-4-puertas","status":"publish","type":"product","link":"https:\/\/smartecing.com\/productos\/index.php\/panel-control-de-acceso-4-puertas\/","title":{"rendered":"PANEL CONTROL DE ACCESO 4 PUERTAS"},"content":{"rendered":"","protected":false},"excerpt":{"rendered":"<p>PANEL CONTROL DE ACCESO 4 PUERTAS WIEGAND TCP\/IP PRO. Soporta lectoras de entrada y salida por puerta. proximidad y biometria: 4 Wiegand &amp; 8 RS485. entradas adicionales: 4 alarma, magn\u00e9ticos de puerta\u00d72, Case Input\u00d74, Tamper-proof\u00d71- salidas adicionales: Door Switch Relay\u00d72, Alarm Relay\u00d72. comunicaci\u00f3n: TCP\/IP y RS-485. soporta 100,000 tarjetas informaci\u00f3n y 300,000 eventos, CE, FCC<\/p>\n","protected":false},"featured_media":9635,"comment_status":"open","ping_status":"closed","template":"","meta":[],"product_cat":[201,212,96],"product_tag":[],"_links":{"self":[{"href":"https:\/\/smartecing.com\/productos\/index.php\/wp-json\/wp\/v2\/product\/9588"}],"collection":[{"href":"https:\/\/smartecing.com\/productos\/index.php\/wp-json\/wp\/v2\/product"}],"about":[{"href":"https:\/\/smartecing.com\/productos\/index.php\/wp-json\/wp\/v2\/types\/product"}],"replies":[{"embeddable":true,"href":"https:\/\/smartecing.com\/productos\/index.php\/wp-json\/wp\/v2\/comments?post=9588"}],"wp:featuredmedia":[{"embeddable":true,"href":"https:\/\/smartecing.com\/productos\/index.php\/wp-json\/wp\/v2\/media\/9635"}],"wp:attachment":[{"href":"https:\/\/smartecing.com\/productos\/index.php\/wp-json\/wp\/v2\/media?parent=9588"}],"wp:term":[{"taxonomy":"product_cat","embeddable":true,"href":"https:\/\/smartecing.com\/productos\/index.php\/wp-json\/wp\/v2\/product_cat?post=9588"},{"taxonomy":"product_tag","embeddable":true,"href":"https:\/\/smartecing.com\/productos\/index.php\/wp-json\/wp\/v2\/product_tag?post=9588"}],"curies":[{"name":"wp","href":"https:\/\/api.w.org\/{rel}","templated":true}]}}