{"id":9591,"date":"2023-08-06T14:34:09","date_gmt":"2023-08-06T14:34:09","guid":{"rendered":"https:\/\/smartecing.com\/productos\/?post_type=product&#038;p=9591"},"modified":"2023-08-06T14:34:43","modified_gmt":"2023-08-06T14:34:43","slug":"kit-analogo-video-portero-incluye-estacion-ds-kis202","status":"publish","type":"product","link":"https:\/\/smartecing.com\/productos\/index.php\/kit-analogo-video-portero-incluye-estacion-ds-kis202\/","title":{"rendered":"KIT ANALOGO VIDEO PORTERO INCLUYE ESTACION DS-KIS202"},"content":{"rendered":"<p>Especificaciones:<\/p>\n<p>Suministro, Puesta a tierra de 1 ch)<\/p>\n<p>Salida De E\/S<\/p>\n<p>1 Salida de rel\u00e9<\/p>\n<p>Estaci\u00f3n De La Puerta\/General<\/p>\n<p>Material<\/p>\n<p>Aleaci\u00f3n de aluminio<\/p>\n<p>Consumo De Energ\u00eda<\/p>\n<p>M\u00e1x. 3W<\/p>\n<p>Temperatura De Trabajo<\/p>\n<p>-30\u00b0 C a +60\u00b0 C (-22\u00b0 F a 140\u00b0 F)<\/p>\n<p>Humedad De Trabajo<\/p>\n<p>10% a 90%<\/p>\n<p>Dimensi\u00f3n (L X W X H)<\/p>\n<p>128 mm \u00d7 42 mm \u00d7 24,8 mm (5,0&#8243; \u00d7 1,7&#8243; \u00d7 0,9&#8243;)<\/p>\n<p>Par\u00e1metros De Estaci\u00f3n\/Visualizaci\u00f3n Interiores<\/p>\n<p>Pantalla De Visualizaci\u00f3n<\/p>\n<p>LCD TFT colorido de 7 pulgadas<\/p>\n<p>Resoluci\u00f3n De Pantalla<\/p>\n<p>800 \u00d7 480<\/p>\n<p>M\u00e9todo De Operaci\u00f3n<\/p>\n<p>Bot\u00f3n f\u00edsico<\/p>\n<p>Par\u00e1metros De Estaci\u00f3n Interior\/Audio<\/p>\n<p>Entrada De Audio<\/p>\n<p>Micr\u00f3fono omnidireccional incorporado<\/p>\n<p>Salida De Audio<\/p>\n<p>Altavoz incorporado<\/p>\n<p>Calidad De Audio<\/p>\n<p>Supresi\u00f3n de ruido y cancelaci\u00f3n de eco<\/p>\n<p>Interfaces De Estaci\u00f3n\/Dispositivo Interiores<\/p>\n<p>Interfaz De Cuatro Hilos<\/p>\n<p>4 Interfaces de cuatro hilos<\/p>\n<p>Entrada de v\u00eddeo de 1 ch, entrada\/salida de audio de 1 ch, fuente de alimentaci\u00f3n de 1 ch, puesta a tierra de 1 ch<\/p>\n<p>Estaci\u00f3n Interior\/General<\/p>\n<p>Fuente De Alimentaci\u00f3n<\/p>\n<p>12 VCC<\/p>\n<p>Consumo De Energ\u00eda<\/p>\n<p>\u22645 W<\/p>\n<p>Temperatura De Trabajo<\/p>\n<p>-10\u00b0 C a + 55\u00b0 C (14\u00b0 F a 131\u00b0 F)<\/p>\n<p>Humedad De Trabajo<\/p>\n<p>10% a 90%<\/p>\n<p>Dimensi\u00f3n (L X W X H)<\/p>\n<p>195.8 mm \u00d7 132.8 mm \u00d7 18.39 mm (7.7&#8243; \u00d7 5.2&#8243; \u00d70.7&#8243;)<\/p>\n","protected":false},"excerpt":{"rendered":"<p>KIT ANALOGO VIDEOPORTERO <strong>INCLUYE ESTACION<\/strong>. C\u00e1mara CMOS de 1\/4&#8243; con resoluci\u00f3n 720 \u00d7 576. Velocidad De Fotogramas De V\u00eddeo PAL: 25 fps. Micr\u00f3fono omnidireccional incorporado y Altavoz incorporado. Calidad de audio con supresi\u00f3n de ruido y cancelaci\u00f3n de eco. Interfaz De Cuatro Hilos. 1 interfaz de cuatro hilos (entrada de v\u00eddeo de 1 ch, entrada\/salida de audio de 1 ch, alimentaci\u00f3n de 1 ch.<\/p>\n","protected":false},"featured_media":9638,"comment_status":"closed","ping_status":"closed","template":"","meta":[],"product_cat":[201,96,202],"product_tag":[214,215],"_links":{"self":[{"href":"https:\/\/smartecing.com\/productos\/index.php\/wp-json\/wp\/v2\/product\/9591"}],"collection":[{"href":"https:\/\/smartecing.com\/productos\/index.php\/wp-json\/wp\/v2\/product"}],"about":[{"href":"https:\/\/smartecing.com\/productos\/index.php\/wp-json\/wp\/v2\/types\/product"}],"replies":[{"embeddable":true,"href":"https:\/\/smartecing.com\/productos\/index.php\/wp-json\/wp\/v2\/comments?post=9591"}],"wp:featuredmedia":[{"embeddable":true,"href":"https:\/\/smartecing.com\/productos\/index.php\/wp-json\/wp\/v2\/media\/9638"}],"wp:attachment":[{"href":"https:\/\/smartecing.com\/productos\/index.php\/wp-json\/wp\/v2\/media?parent=9591"}],"wp:term":[{"taxonomy":"product_cat","embeddable":true,"href":"https:\/\/smartecing.com\/productos\/index.php\/wp-json\/wp\/v2\/product_cat?post=9591"},{"taxonomy":"product_tag","embeddable":true,"href":"https:\/\/smartecing.com\/productos\/index.php\/wp-json\/wp\/v2\/product_tag?post=9591"}],"curies":[{"name":"wp","href":"https:\/\/api.w.org\/{rel}","templated":true}]}}