{"id":9596,"date":"2023-08-06T14:34:09","date_gmt":"2023-08-06T14:34:09","guid":{"rendered":"https:\/\/smartecing.com\/productos\/?post_type=product&#038;p=9596"},"modified":"2023-08-06T14:34:48","modified_gmt":"2023-08-06T14:34:48","slug":"rf-inalambrico-433mhz-dos-vias-ds-psg-wo-433","status":"publish","type":"product","link":"https:\/\/smartecing.com\/productos\/index.php\/rf-inalambrico-433mhz-dos-vias-ds-psg-wo-433\/","title":{"rendered":"RF INAL\u00c1MBRICO 433MHZ DOS V\u00cdAS DS-PSG-WO-433"},"content":{"rendered":"","protected":false},"excerpt":{"rendered":"<p>RF INAL\u00c1MBRICO 433MHZ DOS V\u00cdAS CIFRADO AES-128 ALARMA DE MANIPULACI\u00d3N DISTANCIA : 800 M EXTERIOR IP65  ALIMENTACI\u00d3N 4 BATER\u00cdA CR123A O 12 V<\/p>\n","protected":false},"featured_media":9643,"comment_status":"closed","ping_status":"closed","template":"","meta":[],"product_cat":[93,96],"product_tag":[216],"_links":{"self":[{"href":"https:\/\/smartecing.com\/productos\/index.php\/wp-json\/wp\/v2\/product\/9596"}],"collection":[{"href":"https:\/\/smartecing.com\/productos\/index.php\/wp-json\/wp\/v2\/product"}],"about":[{"href":"https:\/\/smartecing.com\/productos\/index.php\/wp-json\/wp\/v2\/types\/product"}],"replies":[{"embeddable":true,"href":"https:\/\/smartecing.com\/productos\/index.php\/wp-json\/wp\/v2\/comments?post=9596"}],"wp:featuredmedia":[{"embeddable":true,"href":"https:\/\/smartecing.com\/productos\/index.php\/wp-json\/wp\/v2\/media\/9643"}],"wp:attachment":[{"href":"https:\/\/smartecing.com\/productos\/index.php\/wp-json\/wp\/v2\/media?parent=9596"}],"wp:term":[{"taxonomy":"product_cat","embeddable":true,"href":"https:\/\/smartecing.com\/productos\/index.php\/wp-json\/wp\/v2\/product_cat?post=9596"},{"taxonomy":"product_tag","embeddable":true,"href":"https:\/\/smartecing.com\/productos\/index.php\/wp-json\/wp\/v2\/product_tag?post=9596"}],"curies":[{"name":"wp","href":"https:\/\/api.w.org\/{rel}","templated":true}]}}