{"id":9814,"date":"2023-08-06T14:36:22","date_gmt":"2023-08-06T14:36:22","guid":{"rendered":"https:\/\/smartecing.com\/productos\/?post_type=product&#038;p=9814"},"modified":"2023-08-06T14:36:42","modified_gmt":"2023-08-06T14:36:42","slug":"dvr-216q-k2-16ch-turbo","status":"publish","type":"product","link":"https:\/\/smartecing.com\/productos\/index.php\/dvr-216q-k2-16ch-turbo\/","title":{"rendered":"DVR-216Q-K2 16CH Turbo"},"content":{"rendered":"<p><strong>Compresi\u00f3n y Grabaci\u00f3n<\/strong><\/p>\n<p>codificaci\u00f3n H.265 Pro + \/ H.265 Pro \/ H.265 \/ H.264 + \/ H.264 para la transmisi\u00f3n principal y H.265 \/ H.264 para la transmisi\u00f3n secundaria de c\u00e1maras anal\u00f3gicas<\/p>\n<p>Conectable a c\u00e1maras IP H.265 + \/ H.265 \/ H.264 + \/ H.264<\/p>\n<p>H.265 + se puede habilitar para mejorar la eficiencia de codificaci\u00f3n y reducir los costos de almacenamiento de datos<\/p>\n<p>Resoluci\u00f3n de hasta 4 MP lite\u00a0para grabaci\u00f3n<\/p>\n<p><strong>Salida de video<\/strong><\/p>\n<p>salida simult\u00e1nea HDMI \/ VGA<\/p>\n<p>Salida HDMI a una resoluci\u00f3n de hasta 4K (3840 \u00d7 2160) para DVR-216Q-K2<\/p>\n<p><strong>Almacenamiento y Reproducci\u00f3n<\/strong><\/p>\n<p>Dos interfaces SATA (hasta 10 TB de capacidad por HDD)<\/p>\n<p>reproducci\u00f3n sincronizada de 4\/8\/16 canales<\/p>\n<p>B\u00fasqueda inteligente para una reproducci\u00f3n eficiente<\/p>\n<p>Soporta el 3\u00a0<sup>rd<\/sup>\u00a0almacenamiento de fiesta nube (Dropbox \/ Google Drive \/ Microsoft onedrive)<\/p>\n<p><strong>Funci\u00f3n inteligente<\/strong><\/p>\n<p>Soporta m\u00faltiples (VCA contenido de v\u00eddeo Analytics) eventos, tanto para c\u00e1maras IP inteligentes y anal\u00f3gica<\/p>\n<p>Admite detecci\u00f3n de cruce de l\u00ednea de 4 canales y detecci\u00f3n de intrusi\u00f3n<\/p>\n<p>VQD (Diagn\u00f3stico de calidad de video)<\/p>\n<p><strong>Acceso a redes y Ethernet<\/strong><\/p>\n<p>Hik-Connect y DDNS (Sistema de nombres de dominio din\u00e1mico) para una f\u00e1cil administraci\u00f3n de la red<\/p>\n<p>1 interfaz de red Ethernet RJ45 10M \/ 100M para DVR-208Q-K2, y 1 interfaz de red Ethernet RJ45 10M \/ 100M \/ 1000M para DVR-216Q-K2<\/p>\n<p>L\u00edmite de ancho de banda de salida configurable<\/p>\n<p>&nbsp;<\/p>\n","protected":false},"excerpt":{"rendered":"<p>DVR 16CH Turbo Hasta 3mp\u00a02 bah\u00edas 10tb cada Bahia H.265+ 2CH IP 30FPS HDMI\/VGA HILOOK. Entrada de se\u00f1al HDTVI \/ HDCVI \/ AHD \/ CVBS auto adaptativa. Hasta 12\/24-ch 6 MP de entrada de c\u00e1maras IP para DVR-208 \/ 216Q-K2. Transmisi\u00f3n de larga distancia por UTP y cable coaxial: m\u00e1x. 800m para 1080p y 1200m para se\u00f1al HDTVI de 720p.<\/p>\n","protected":false},"featured_media":9844,"comment_status":"open","ping_status":"closed","template":"","meta":[],"product_cat":[93,181,96],"product_tag":[],"_links":{"self":[{"href":"https:\/\/smartecing.com\/productos\/index.php\/wp-json\/wp\/v2\/product\/9814"}],"collection":[{"href":"https:\/\/smartecing.com\/productos\/index.php\/wp-json\/wp\/v2\/product"}],"about":[{"href":"https:\/\/smartecing.com\/productos\/index.php\/wp-json\/wp\/v2\/types\/product"}],"replies":[{"embeddable":true,"href":"https:\/\/smartecing.com\/productos\/index.php\/wp-json\/wp\/v2\/comments?post=9814"}],"wp:featuredmedia":[{"embeddable":true,"href":"https:\/\/smartecing.com\/productos\/index.php\/wp-json\/wp\/v2\/media\/9844"}],"wp:attachment":[{"href":"https:\/\/smartecing.com\/productos\/index.php\/wp-json\/wp\/v2\/media?parent=9814"}],"wp:term":[{"taxonomy":"product_cat","embeddable":true,"href":"https:\/\/smartecing.com\/productos\/index.php\/wp-json\/wp\/v2\/product_cat?post=9814"},{"taxonomy":"product_tag","embeddable":true,"href":"https:\/\/smartecing.com\/productos\/index.php\/wp-json\/wp\/v2\/product_tag?post=9814"}],"curies":[{"name":"wp","href":"https:\/\/api.w.org\/{rel}","templated":true}]}}