{"id":9897,"date":"2023-08-06T14:37:08","date_gmt":"2023-08-06T14:37:08","guid":{"rendered":"https:\/\/smartecing.com\/productos\/?post_type=product&#038;p=9897"},"modified":"2023-08-06T14:37:37","modified_gmt":"2023-08-06T14:37:37","slug":"camara-esfera-pt-2mp-wifi-residencial-f2-8-ir5m-sd","status":"publish","type":"product","link":"https:\/\/smartecing.com\/productos\/index.php\/camara-esfera-pt-2mp-wifi-residencial-f2-8-ir5m-sd\/","title":{"rendered":"CAMARA ESFERA PT 2MP WIFI RESIDENCIAL F2.8 IR5m SD"},"content":{"rendered":"<p>CARACTERISTICAS DE LA IPC-P120-D\/W(B)<\/p>\n<p>C\u00e1mara<\/p>\n<p>Sensor de imagen:<\/p>\n<p>1\/2.8&#8243; CMOS de Escaneo Progresivo<\/p>\n<p>Iluminaci\u00f3n m\u00ednima:<\/p>\n<p>0.01 Lux (F1.2, AGC ON), 0 Lux con IR<\/p>\n<p>Obturador lento:<\/p>\n<p>Apoyo<\/p>\n<p>Tiempo del obturador:<\/p>\n<p>1\/3 s a 1\/100, 000 s,<\/p>\n<p>Lente:<\/p>\n<p>2,8 mm, campo de visi\u00f3n horizontal 105,8o<\/p>\n<p>Montaje de la lente:<\/p>\n<p>M12<\/p>\n<p>Rango de ajuste:<\/p>\n<p>Pan: de 0 a 355o; Inclinaci\u00f3n: de -10o a 90o<\/p>\n<p>D\u00eda y noche:<\/p>\n<p>Filtro de corte IR con interruptor autom\u00e1tico<\/p>\n<p>Amplio rango din\u00e1mico:<\/p>\n<p>Digital WDR<\/p>\n<p>Reducci\u00f3n de ruido digital:<\/p>\n<p>3D DNR<\/p>\n<p>Est\u00e1ndar de compresi\u00f3n<\/p>\n<p>Compresi\u00f3n de v\u00eddeo:<\/p>\n<p>H.264<\/p>\n<p>Perfil de c\u00f3digo H.264:<\/p>\n<p>Perfil de l\u00ednea de base\/Perfil principal<\/p>\n<p>Velocidad de bits de v\u00eddeo:<\/p>\n<p>32Kbps-8Mbps<\/p>\n<p>Compresi\u00f3n de audio:<\/p>\n<p>G.711\/G.722.1\/G.726\/MP2L2\/PCM<\/p>\n<p>Velocidad de bits de audio:<\/p>\n<p>64Kbps(G.711)\/16Kbps(G.722.1)\/16Kbps(G.726)\/32-160Kbps(MP2L2)<\/p>\n<p>Imagen<\/p>\n<p>m\u00e1ximo. Resoluci\u00f3n de imagen:<\/p>\n<p>1920 x 1080<\/p>\n<p>Velocidad de fotogramas:<\/p>\n<p>50Hz: 25fps (1920 \u00e1 1080, 1280<\/p>\n<p>a 720) 60Hz: 30fps (1920 \u00e1 1080, 1280 a 720)<\/p>\n<p>Sub flujo:<\/p>\n<p>50Hz: 25fps (704 \u00e1 576, 352 a 288, 640 a 480,<\/p>\n<p>320 a 240) 60Hz: 30fps (704 x 480, 352 a 240, 640 a 480, 320 a 240)<\/p>\n<p>Blc:<\/p>\n<p>Apoyo<\/p>\n<p>Roi:<\/p>\n<p>Soporte 1 regi\u00f3n fija para cada secuencia<\/p>\n<p>Interruptor d\u00eda\/noche:<\/p>\n<p>Soporte autom\u00e1tico, programado<\/p>\n<p>Red<\/p>\n<p>Activaci\u00f3n de alarma:<\/p>\n<p>Detecci\u00f3n de movimiento, alarma de manipulaci\u00f3n, HDD completo, error de disco duro, red desconectada, direcci\u00f3n IP en conflicto, inicio de sesi\u00f3n ilegal<\/p>\n<p>Protocolos:<\/p>\n<p>TCP\/IP, ICMP, HTTP, HTTPS, FTP, DHCP, DNS, RTP, RTSP, RTCP, NTP, UPnP, IGMP, QoS, IPv6, Bonjour, SMTP, 802.1x<\/p>\n<p>Interfaz<\/p>\n<p>Interfaz de comunicaci\u00f3n:<\/p>\n<p>1 Puerto Ethernet autoadaptable RJ45 10M\/100M<\/p>\n<p>Almacenamiento a bordo:<\/p>\n<p>Ranura Micro SD\/SDHC\/SDXC incorporada, hasta 128 GB<\/p>\n<p>Bot\u00f3n de reinicio:<\/p>\n<p>S\u00ed<\/p>\n<p>Audio<\/p>\n<p>Filtrado de ruido del entorno:<\/p>\n<p>Apoyo<\/p>\n<p>Especificaci\u00f3n Wi-Fi (-W)<\/p>\n<p>Est\u00e1ndares inal\u00e1mbricos:<\/p>\n<p>IEEE802.11b, 802.11g, 802.11n<\/p>\n<p>Rango de frecuencia:<\/p>\n<p>2,4 GHz a 2,4835 GHz<\/p>\n<p>Ancho de banda de canal:<\/p>\n<p>Soporte de 20\/40MHz<\/p>\n<p>Seguridad:<\/p>\n<p>WEP de 64\/128 bits, WPA\/WPA2, WPA-PSK\/WPA2-PSK, WPS<\/p>\n<p>Velocidad de transmisi\u00f3n:<\/p>\n<p>11b: 11Mbps<\/p>\n<p>11g: 54Mbps<\/p>\n<p>11n: hasta 150Mbps<\/p>\n<p>Alcance inal\u00e1mbrico:<\/p>\n<p>50m (depende del medio ambiente)<\/p>\n<p>Protocolos:<\/p>\n<p>802.11b: CCK, QPSK, BPSK, 802.11g\/n: OFDM<\/p>\n<p>General<\/p>\n<p>Rango IR:<\/p>\n<p>Hasta 5 metros<\/p>\n<p>Condiciones de funcionamiento:<\/p>\n<p>-10 oC \u2013 40 oC (14 oF \u2013 104 oF), humedad 95% o menos (sin condensaci\u00f3n)<\/p>\n<p>Consumo de energ\u00eda:<\/p>\n<p>m\u00e1ximo. 7w<\/p>\n<p>Dimensiones:<\/p>\n<p>87,5 x 120,9 mm (3,5\u00bb y 4,8\u00bb)<\/p>\n<p>Peso:<\/p>\n<p>C\u00e1mara: 295g (0.7<\/p>\n<p>lb) Con paquete: 511g (1.1 lb)<\/p>\n","protected":false},"excerpt":{"rendered":"<p>CAMARA ESFERA PT 2MP WIFI RESIDENCIALDWDR D\/N INT F2.8 IR5m SD HILOOK &#8211; IPC-P120-D\/W C\u00e1mara de red de hasta 2,0 megap\u00edxeles de alta resoluci\u00f3n. Dos secuencias de v\u00eddeo. Lente fija de 2,8 mm. Rango din\u00e1mico ancho digital. Reducci\u00f3n de ruido digital 3D. Micr\u00f3fono y altavoz incorporados, para audio bidireccional. Soporte de almacenamiento hasta 128 GB. Alcance IR de hasta 5m. Wi-Fi incorporado. 5 VCC a 10 %, interfaz USB micro. Monitoreo m\u00f3vil a trav\u00e9s de Hik-Connect.<\/p>\n","protected":false},"featured_media":9948,"comment_status":"closed","ping_status":"closed","template":"","meta":[],"product_cat":[93,94,96,99],"product_tag":[217,98],"_links":{"self":[{"href":"https:\/\/smartecing.com\/productos\/index.php\/wp-json\/wp\/v2\/product\/9897"}],"collection":[{"href":"https:\/\/smartecing.com\/productos\/index.php\/wp-json\/wp\/v2\/product"}],"about":[{"href":"https:\/\/smartecing.com\/productos\/index.php\/wp-json\/wp\/v2\/types\/product"}],"replies":[{"embeddable":true,"href":"https:\/\/smartecing.com\/productos\/index.php\/wp-json\/wp\/v2\/comments?post=9897"}],"wp:featuredmedia":[{"embeddable":true,"href":"https:\/\/smartecing.com\/productos\/index.php\/wp-json\/wp\/v2\/media\/9948"}],"wp:attachment":[{"href":"https:\/\/smartecing.com\/productos\/index.php\/wp-json\/wp\/v2\/media?parent=9897"}],"wp:term":[{"taxonomy":"product_cat","embeddable":true,"href":"https:\/\/smartecing.com\/productos\/index.php\/wp-json\/wp\/v2\/product_cat?post=9897"},{"taxonomy":"product_tag","embeddable":true,"href":"https:\/\/smartecing.com\/productos\/index.php\/wp-json\/wp\/v2\/product_tag?post=9897"}],"curies":[{"name":"wp","href":"https:\/\/api.w.org\/{rel}","templated":true}]}}