{"id":9940,"date":"2023-08-06T14:37:31","date_gmt":"2023-08-06T14:37:31","guid":{"rendered":"https:\/\/smartecing.com\/productos\/?post_type=product&#038;p=9940"},"modified":"2023-08-06T14:38:02","modified_gmt":"2023-08-06T14:38:02","slug":"camara-bala-4mp-ext-varifocal-ir40m-ip66-semimetal","status":"publish","type":"product","link":"https:\/\/smartecing.com\/productos\/index.php\/camara-bala-4mp-ext-varifocal-ir40m-ip66-semimetal\/","title":{"rendered":"CAMARA BALA 4MP EXT VARIFOCAL IR40m IP66 SEMIMETAL"},"content":{"rendered":"<p>CAMARA TURBO 4MP EXT BALA VARIFOCAL D\/NF2.8-12 EXIR IR40m IP66 SEMIMETAL HILOOK<\/p>\n","protected":false},"excerpt":{"rendered":"<p>Grupo Security te ofrece esta estupenda C\u00e1mara de videovigilancia adecuada tanto para interiores como para exteriores. Dise\u00f1o mec\u00e1nico de c\u00e1mara fija, Formatos de v\u00eddeo: NTSC, PAL. Funcionalidad de d\u00eda y noche. Resoluci\u00f3n de v\u00eddeo digital 2560 x 1440. Soporta se\u00f1ales de v\u00eddeo HD-CVI , HD-TVI , AHD. Tecnolog\u00eda de conectividad por Cableado. Sistema de lentes Control de longitud focal Vari-focal. Montura de objetivo Montaje M12.<\/p>\n","protected":false},"featured_media":9988,"comment_status":"closed","ping_status":"closed","template":"","meta":[],"product_cat":[93,96],"product_tag":[217,101,141],"_links":{"self":[{"href":"https:\/\/smartecing.com\/productos\/index.php\/wp-json\/wp\/v2\/product\/9940"}],"collection":[{"href":"https:\/\/smartecing.com\/productos\/index.php\/wp-json\/wp\/v2\/product"}],"about":[{"href":"https:\/\/smartecing.com\/productos\/index.php\/wp-json\/wp\/v2\/types\/product"}],"replies":[{"embeddable":true,"href":"https:\/\/smartecing.com\/productos\/index.php\/wp-json\/wp\/v2\/comments?post=9940"}],"wp:featuredmedia":[{"embeddable":true,"href":"https:\/\/smartecing.com\/productos\/index.php\/wp-json\/wp\/v2\/media\/9988"}],"wp:attachment":[{"href":"https:\/\/smartecing.com\/productos\/index.php\/wp-json\/wp\/v2\/media?parent=9940"}],"wp:term":[{"taxonomy":"product_cat","embeddable":true,"href":"https:\/\/smartecing.com\/productos\/index.php\/wp-json\/wp\/v2\/product_cat?post=9940"},{"taxonomy":"product_tag","embeddable":true,"href":"https:\/\/smartecing.com\/productos\/index.php\/wp-json\/wp\/v2\/product_tag?post=9940"}],"curies":[{"name":"wp","href":"https:\/\/api.w.org\/{rel}","templated":true}]}}